{"id":30,"date":"2020-12-07T22:50:43","date_gmt":"2020-12-07T21:50:43","guid":{"rendered":"http:\/\/ppe.sciencespo-lille.eu\/?page_id=30"},"modified":"2021-03-11T17:33:28","modified_gmt":"2021-03-11T16:33:28","slug":"faq","status":"publish","type":"page","link":"https:\/\/ppe.sciencespo-lille.eu\/index.php\/faq\/","title":{"rendered":"FAQ"},"content":{"rendered":"\n<h2 class=\"has-text-align-center wp-block-heading\">Foire aux Questions<\/h2>\n\n\n\n<div class=\"wp-block-image\"><figure class=\"aligncenter size-large is-resized\"><img loading=\"lazy\" decoding=\"async\" src=\"http:\/\/ppe.sciencespo-lille.eu\/wp-content\/uploads\/2020\/12\/FAQ-PPE.png\" alt=\"\" class=\"wp-image-173\" width=\"150\" height=\"150\" srcset=\"https:\/\/ppe.sciencespo-lille.eu\/wp-content\/uploads\/2020\/12\/FAQ-PPE.png 500w, https:\/\/ppe.sciencespo-lille.eu\/wp-content\/uploads\/2020\/12\/FAQ-PPE-300x300.png 300w, https:\/\/ppe.sciencespo-lille.eu\/wp-content\/uploads\/2020\/12\/FAQ-PPE-150x150.png 150w\" sizes=\"auto, (max-width: 150px) 100vw, 150px\" \/><\/figure><\/div>\n\n\n\n<p class=\"has-text-align-left has-medium-font-size\"><strong>Peut-on acc\u00e9der \u00e0 la majeure PPE directement au niveau M2 ?<\/strong><\/p>\n\n\n\n<p>Non, l\u2019admission dans la majeure PPE ne peut se faire qu\u2019au niveau M1 sur concours d\u2019entr\u00e9e directe en 4\u00e8me ann\u00e9e de Sciences Po Lille.<br><\/p>\n\n\n\n<p>Il est cependant possible pour les \u00e9tudiantes et les \u00e9tudiants des autres IEP du R\u00e9seau ScPO d\u2019acc\u00e9der \u00e0 la majeure en 5\u00e8me ann\u00e9e sur demande de mutualisation, sous r\u00e9serve d\u2019acceptation par le directeur de la majeure PPE.<\/p>\n\n\n\n<div style=\"height:30px\" aria-hidden=\"true\" class=\"wp-block-spacer\"><\/div>\n\n\n\n<p class=\"has-medium-font-size\"><strong>La majeure PPE est-elle ouverte \u00e0 l\u2019alternance ?<\/strong><\/p>\n\n\n\n<p>Non, cette majeure n\u2019est pas ouverte \u00e0 l\u2019alternance. PPE est une formation par la recherche dans laquelle la r\u00e9daction d\u2019un m\u00e9moire de recherche constitue un travail qui s\u2019\u00e9tire sur les 4 semestres. La soutenance du m\u00e9moire se fait \u00e0 la fin du dernier semestre du M2.<\/p>\n\n\n\n<div style=\"height:30px\" aria-hidden=\"true\" class=\"wp-block-spacer\"><\/div>\n\n\n\n<p class=\"has-medium-font-size\"><strong>Est-il possible de faire un s\u00e9jour de recherche \u00e0 l\u2019\u00e9tranger dans le cadre de la formation PPE ?<\/strong><\/p>\n\n\n\n<p>Oui, les \u00e9tudiantes et les \u00e9tudiants auront la possibilit\u00e9 d\u2019effectuer un s\u00e9jour \u00e0 l\u2019\u00e9tranger dans une universit\u00e9 partenaire ou le laboratoire de recherche d\u2019une universit\u00e9 partenaire, sur la base du volontariat au cours de la formation. La mobilit\u00e9 pourra \u00eatre effectu\u00e9e au cours du M2, soit pour suivre et valider des cours en lien avec la recherche soit pour effectuer un stage en unit\u00e9 de recherche. Le projet de mobilit\u00e9 devra \u00eatre motiv\u00e9 et justifi\u00e9 par le projet de recherche et soumis \u00e0 l\u2019approbation du directeur de la majeure PPE.<\/p>\n\n\n\n<div style=\"height:30px\" aria-hidden=\"true\" class=\"wp-block-spacer\"><\/div>\n\n\n\n<p class=\"has-medium-font-size\"><strong>Quelles sont les comp\u00e9tences \u00e9valu\u00e9es au cours de l\u2019oral d\u2019admission ? Y a-t-il des pr\u00e9requis pour acc\u00e9der \u00e0 la majeure PPE ?<\/strong><\/p>\n\n\n\n<p>L\u2019entretien oral a pour objectif principal de s\u2019assurer que les candidates et candidats aient un projet professionnel coh\u00e9rent avec les objectifs de la formation et ses d\u00e9bouch\u00e9s. Les candidates et candidats doivent manifester un int\u00e9r\u00eat pour l\u2019histoire des id\u00e9es et les d\u00e9bats d\u2019id\u00e9es contemporains mobilisant les savoirs de la philosophie, la pens\u00e9e politique et l\u2019\u00e9conomie. Ils et elles devront t\u00e9moigner de cet int\u00e9r\u00eat par des lectures acad\u00e9miques et \u00eatre en mesure de pr\u00e9senter une th\u00e9matique de recherche dans la perspective du m\u00e9moire \u00e0 r\u00e9diger. L\u2019ouverture intellectuelle, l\u2019\u00e9coute et l\u2019argumentation critique sont des qualit\u00e9s qui seront appr\u00e9ci\u00e9es au cours de l\u2019entretien.<\/p>\n","protected":false},"excerpt":{"rendered":"<p>Foire aux Questions Peut-on acc\u00e9der \u00e0 la majeure PPE directement au niveau M2 ? Non, l\u2019admission dans la majeure PPE ne peut se faire qu\u2019au niveau M1 sur concours d\u2019entr\u00e9e directe en 4\u00e8me ann\u00e9e de Sciences Po Lille. Il est cependant possible pour les \u00e9tudiantes et les \u00e9tudiants des autres IEP du R\u00e9seau ScPO d\u2019acc\u00e9der [&hellip;]<\/p>\n","protected":false},"author":1,"featured_media":0,"parent":0,"menu_order":0,"comment_status":"closed","ping_status":"closed","template":"","meta":{"_seopress_robots_primary_cat":"","_seopress_titles_title":"","_seopress_titles_desc":"","_seopress_robots_index":"","ocean_post_layout":"","ocean_both_sidebars_style":"","ocean_both_sidebars_content_width":0,"ocean_both_sidebars_sidebars_width":0,"ocean_sidebar":"","ocean_second_sidebar":"","ocean_disable_margins":"enable","ocean_add_body_class":"","ocean_shortcode_before_top_bar":"","ocean_shortcode_after_top_bar":"","ocean_shortcode_before_header":"","ocean_shortcode_after_header":"","ocean_has_shortcode":"","ocean_shortcode_after_title":"","ocean_shortcode_before_footer_widgets":"","ocean_shortcode_after_footer_widgets":"","ocean_shortcode_before_footer_bottom":"","ocean_shortcode_after_footer_bottom":"","ocean_display_top_bar":"default","ocean_display_header":"default","ocean_header_style":"","ocean_center_header_left_menu":"","ocean_custom_header_template":"","ocean_custom_logo":0,"ocean_custom_retina_logo":0,"ocean_custom_logo_max_width":0,"ocean_custom_logo_tablet_max_width":0,"ocean_custom_logo_mobile_max_width":0,"ocean_custom_logo_max_height":0,"ocean_custom_logo_tablet_max_height":0,"ocean_custom_logo_mobile_max_height":0,"ocean_header_custom_menu":"","ocean_menu_typo_font_family":"","ocean_menu_typo_font_subset":"","ocean_menu_typo_font_size":0,"ocean_menu_typo_font_size_tablet":0,"ocean_menu_typo_font_size_mobile":0,"ocean_menu_typo_font_size_unit":"px","ocean_menu_typo_font_weight":"","ocean_menu_typo_font_weight_tablet":"","ocean_menu_typo_font_weight_mobile":"","ocean_menu_typo_transform":"","ocean_menu_typo_transform_tablet":"","ocean_menu_typo_transform_mobile":"","ocean_menu_typo_line_height":0,"ocean_menu_typo_line_height_tablet":0,"ocean_menu_typo_line_height_mobile":0,"ocean_menu_typo_line_height_unit":"","ocean_menu_typo_spacing":0,"ocean_menu_typo_spacing_tablet":0,"ocean_menu_typo_spacing_mobile":0,"ocean_menu_typo_spacing_unit":"","ocean_menu_link_color":"","ocean_menu_link_color_hover":"","ocean_menu_link_color_active":"","ocean_menu_link_background":"","ocean_menu_link_hover_background":"","ocean_menu_link_active_background":"","ocean_menu_social_links_bg":"","ocean_menu_social_hover_links_bg":"","ocean_menu_social_links_color":"","ocean_menu_social_hover_links_color":"","ocean_disable_title":"default","ocean_disable_heading":"default","ocean_post_title":"","ocean_post_subheading":"","ocean_post_title_style":"","ocean_post_title_background_color":"","ocean_post_title_background":0,"ocean_post_title_bg_image_position":"","ocean_post_title_bg_image_attachment":"","ocean_post_title_bg_image_repeat":"","ocean_post_title_bg_image_size":"","ocean_post_title_height":0,"ocean_post_title_bg_overlay":0.5,"ocean_post_title_bg_overlay_color":"","ocean_disable_breadcrumbs":"default","ocean_breadcrumbs_color":"","ocean_breadcrumbs_separator_color":"","ocean_breadcrumbs_links_color":"","ocean_breadcrumbs_links_hover_color":"","ocean_display_footer_widgets":"default","ocean_display_footer_bottom":"default","ocean_custom_footer_template":"","footnotes":""},"class_list":["post-30","page","type-page","status-publish","hentry","entry"],"_links":{"self":[{"href":"https:\/\/ppe.sciencespo-lille.eu\/index.php\/wp-json\/wp\/v2\/pages\/30","targetHints":{"allow":["GET"]}}],"collection":[{"href":"https:\/\/ppe.sciencespo-lille.eu\/index.php\/wp-json\/wp\/v2\/pages"}],"about":[{"href":"https:\/\/ppe.sciencespo-lille.eu\/index.php\/wp-json\/wp\/v2\/types\/page"}],"author":[{"embeddable":true,"href":"https:\/\/ppe.sciencespo-lille.eu\/index.php\/wp-json\/wp\/v2\/users\/1"}],"replies":[{"embeddable":true,"href":"https:\/\/ppe.sciencespo-lille.eu\/index.php\/wp-json\/wp\/v2\/comments?post=30"}],"version-history":[{"count":7,"href":"https:\/\/ppe.sciencespo-lille.eu\/index.php\/wp-json\/wp\/v2\/pages\/30\/revisions"}],"predecessor-version":[{"id":259,"href":"https:\/\/ppe.sciencespo-lille.eu\/index.php\/wp-json\/wp\/v2\/pages\/30\/revisions\/259"}],"wp:attachment":[{"href":"https:\/\/ppe.sciencespo-lille.eu\/index.php\/wp-json\/wp\/v2\/media?parent=30"}],"curies":[{"name":"wp","href":"https:\/\/api.w.org\/{rel}","templated":true}]}}