{"id":27,"date":"2020-12-07T22:50:43","date_gmt":"2020-12-07T21:50:43","guid":{"rendered":"http:\/\/ppe.sciencespo-lille.eu\/?page_id=27"},"modified":"2022-02-25T22:18:11","modified_gmt":"2022-02-25T21:18:11","slug":"temoignages-detudiants-et-detudiantes-de-la-majeure-ppe","status":"publish","type":"page","link":"https:\/\/ppe.sciencespo-lille.eu\/index.php\/temoignages-detudiants-et-detudiantes-de-la-majeure-ppe\/","title":{"rendered":"T\u00e9moignages d&rsquo;\u00e9tudiantes et d&rsquo;\u00e9tudiants de la majeure PPE"},"content":{"rendered":"\n<div class=\"wp-block-image\"><figure class=\"aligncenter size-large is-resized\"><img loading=\"lazy\" decoding=\"async\" src=\"http:\/\/ppe.sciencespo-lille.eu\/wp-content\/uploads\/2020\/12\/Temoignage-PPE.png\" alt=\"\" class=\"wp-image-164\" width=\"150\" height=\"150\" srcset=\"https:\/\/ppe.sciencespo-lille.eu\/wp-content\/uploads\/2020\/12\/Temoignage-PPE.png 500w, https:\/\/ppe.sciencespo-lille.eu\/wp-content\/uploads\/2020\/12\/Temoignage-PPE-300x300.png 300w, https:\/\/ppe.sciencespo-lille.eu\/wp-content\/uploads\/2020\/12\/Temoignage-PPE-150x150.png 150w\" sizes=\"auto, (max-width: 150px) 100vw, 150px\" \/><\/figure><\/div>\n\n\n\n<figure class=\"wp-block-embed is-type-rich is-provider-prise-en-charge-des-contenus-embarques wp-block-embed-prise-en-charge-des-contenus-embarques wp-embed-aspect-16-9 wp-has-aspect-ratio\"><div class=\"wp-block-embed__wrapper\">\n<p class=\"responsive-video-wrap clr\"><iframe loading=\"lazy\" title=\"Majeure Philosophie, Politique et \u00c9conomie\" width=\"1200\" height=\"675\" src=\"https:\/\/www.youtube.com\/embed\/cqbHJRENewA?feature=oembed\" frameborder=\"0\" allow=\"accelerometer; autoplay; clipboard-write; encrypted-media; gyroscope; picture-in-picture\" allowfullscreen><\/iframe><\/p>\n<\/div><\/figure>\n\n\n\n<div style=\"height:30px\" aria-hidden=\"true\" class=\"wp-block-spacer\"><\/div>\n\n\n\n<hr class=\"wp-block-separator has-text-color has-background is-style-wide\" style=\"background-color:#e6e6e6;color:#e6e6e6\"\/>\n\n\n\n<p style=\"font-size:18px\"><strong>Flore Massemin,<\/strong> \u00e9tudiante en fili\u00e8re g\u00e9n\u00e9rale, promotion 2021 (Nina Simone)<\/p>\n\n\n\n<blockquote class=\"wp-block-quote is-layout-flow wp-block-quote-is-layout-flow\"><p>\u00ab\u00a0Ce qui me pla\u00eet le plus c\u2019est l\u2019enseignement, de tr\u00e8s haut niveau avec des professeurs tr\u00e8s comp\u00e9tentes et comp\u00e9tents. J\u2019aime aussi le fait que les <span class=\"has-inline-color has-black-color\">enseignements soient divers<\/span>. Et enfin surtout, c\u2019est un master qui pousse \u00e0 r\u00e9fl\u00e9chir et \u00e0 s\u2019interroger, et c\u2019est une particularit\u00e9 que je trouve importante dans un monde qui pousse toujours plus \u00e0 la professionnalisation, \u00e0 l\u2019efficacit\u00e9, \u00e0 la rapidit\u00e9 d\u2019ex\u00e9cution.\u00a0\u00bb<\/p><\/blockquote>\n\n\n\n<blockquote class=\"wp-block-quote is-layout-flow wp-block-quote-is-layout-flow\"><p>\u00ab\u00a0Cette formation m\u2019a apport\u00e9e des <span class=\"has-inline-color has-black-color\">connaissances philosophiques politiques et \u00e9conomiques<\/span> importantes pour m\u00fbrir mon projet professionnel.\u00a0\u00bb<\/p><\/blockquote>\n\n\n\n<hr class=\"wp-block-separator has-text-color has-background is-style-wide\" style=\"background-color:#e6e6e6;color:#e6e6e6\"\/>\n\n\n\n<div style=\"height:30px\" aria-hidden=\"true\" class=\"wp-block-spacer\"><\/div>\n\n\n\n<p style=\"font-size:18px\"><strong>Gabriel Tailleur<\/strong>, promotion 2022 (Alan Turing)<\/p>\n\n\n\n<blockquote class=\"wp-block-quote is-layout-flow wp-block-quote-is-layout-flow\"><p>\u00ab\u00a0Je garde un tr\u00e8s beau souvenir de PPE qui, il me semble, est une formation singuli\u00e8re dans le champ des sciences sociales. Les s\u00e9minaires sont stimulants intellectuellement et diversifi\u00e9s, les professeurs sont \u00e0 l\u2019\u00e9coute et impliqu\u00e9s, mais ce qui me pla\u00eet le plus dans l\u2019esprit de cette formation est qu\u2019elle nous donne du temps. Du temps pour lire, penser, faire de la recherche, s\u2019interroger\u2026\u00a0\u00bb<\/p><\/blockquote>\n\n\n\n<blockquote class=\"wp-block-quote is-layout-flow wp-block-quote-is-layout-flow\"><p>\u00ab\u00a0Cette formation est aussi un lieu pour \u00e9laborer son projet professionnel, discuter avec les enseignants des ambitions qui nous animent et de ce qui nous permettra de nous \u00e9panouir.\u00a0\u00bb<\/p><\/blockquote>\n\n\n\n<hr class=\"wp-block-separator has-text-color has-background is-style-wide\" style=\"background-color:#e6e6e6;color:#e6e6e6\"\/>\n\n\n\n<div style=\"height:30px\" aria-hidden=\"true\" class=\"wp-block-spacer\"><\/div>\n\n\n\n<p style=\"font-size:18px\"><strong>Maxime Tellier<\/strong>, promotion 2022 (Alan Turing)<\/p>\n\n\n\n<blockquote class=\"wp-block-quote is-layout-flow wp-block-quote-is-layout-flow\"><p>\u00ab\u00a0Transdisciplinarit\u00e9, autonomie et recherche ; tels sont les mots qui me viennent en t\u00eate pour refl\u00e9ter cette ann\u00e9e. De mani\u00e8re g\u00e9n\u00e9rale, si je n&rsquo;ai rien \u00e0 dire sur la qualit\u00e9 du professorat et de l&rsquo;enseignement dispos\u00e9, c&rsquo;est bien la certaine libert\u00e9 accord\u00e9e aux diff\u00e9rents travaux \u00e0 rendre que je trouve formidable. Car plut\u00f4t que de se morfondre dans la besogne, chaque enseignement nous offre une possibilit\u00e9 de recherche sur des sujets accommodants. C&rsquo;est, je pense, la force de ce master : l&rsquo;ouverture.\u00a0\u00bb<\/p><\/blockquote>\n\n\n\n<hr class=\"wp-block-separator has-text-color has-background is-style-wide\" style=\"background-color:#e6e6e6;color:#e6e6e6\"\/>\n\n\n\n<div style=\"height:30px\" aria-hidden=\"true\" class=\"wp-block-spacer\"><\/div>\n\n\n\n<p style=\"font-size:18px\"><strong>Fran\u00e7ois Delafosse<\/strong>, promotion 2022 (Alan Turing)<\/p>\n\n\n\n<blockquote class=\"wp-block-quote is-layout-flow wp-block-quote-is-layout-flow\"><p>\u00ab\u00a0Pour moi, la plus grande qualit\u00e9 de PPE est la fa\u00e7on dont les multiples regards et disciplines qui nourrissent le master nous poussent \u00e0 r\u00e9fl\u00e9chir et \u00e0 questionner notre regard et nos convictions. Le master nous force en quelque sorte \u00e0 rester curieux, ouvert, et \u00e0 penser par nous-m\u00eames.\u00a0\u00bb<\/p><\/blockquote>\n\n\n\n<blockquote class=\"wp-block-quote is-layout-flow wp-block-quote-is-layout-flow\"><p>\u00ab\u00a0C&rsquo;est aussi la diversit\u00e9 des disciplines enseign\u00e9es qui m&rsquo;a s\u00e9duite, car elle me semble aller \u00e0 contre-courant d&rsquo;une sp\u00e9cialisation toujours plus \u00e9troite et d&rsquo;une professionnalisation toujours plus pr\u00e9coce et forte qui, personnellement, m&rsquo;effraient.\u00a0\u00bb<\/p><\/blockquote>\n","protected":false},"excerpt":{"rendered":"<p>Flore Massemin, \u00e9tudiante en fili\u00e8re g\u00e9n\u00e9rale, promotion 2021 (Nina Simone) \u00ab\u00a0Ce qui me pla\u00eet le plus c\u2019est l\u2019enseignement, de tr\u00e8s haut niveau avec des professeurs tr\u00e8s comp\u00e9tentes et comp\u00e9tents. J\u2019aime aussi le fait que les enseignements soient divers. Et enfin surtout, c\u2019est un master qui pousse \u00e0 r\u00e9fl\u00e9chir et \u00e0 s\u2019interroger, et c\u2019est une particularit\u00e9 [&hellip;]<\/p>\n","protected":false},"author":1,"featured_media":0,"parent":0,"menu_order":0,"comment_status":"closed","ping_status":"closed","template":"","meta":{"_seopress_robots_primary_cat":"","_seopress_titles_title":"","_seopress_titles_desc":"","_seopress_robots_index":"","ocean_post_layout":"","ocean_both_sidebars_style":"","ocean_both_sidebars_content_width":0,"ocean_both_sidebars_sidebars_width":0,"ocean_sidebar":"0","ocean_second_sidebar":"0","ocean_disable_margins":"enable","ocean_add_body_class":"","ocean_shortcode_before_top_bar":"","ocean_shortcode_after_top_bar":"","ocean_shortcode_before_header":"","ocean_shortcode_after_header":"","ocean_has_shortcode":"","ocean_shortcode_after_title":"","ocean_shortcode_before_footer_widgets":"","ocean_shortcode_after_footer_widgets":"","ocean_shortcode_before_footer_bottom":"","ocean_shortcode_after_footer_bottom":"","ocean_display_top_bar":"default","ocean_display_header":"default","ocean_header_style":"","ocean_center_header_left_menu":"0","ocean_custom_header_template":"0","ocean_custom_logo":0,"ocean_custom_retina_logo":0,"ocean_custom_logo_max_width":0,"ocean_custom_logo_tablet_max_width":0,"ocean_custom_logo_mobile_max_width":0,"ocean_custom_logo_max_height":0,"ocean_custom_logo_tablet_max_height":0,"ocean_custom_logo_mobile_max_height":0,"ocean_header_custom_menu":"0","ocean_menu_typo_font_family":"0","ocean_menu_typo_font_subset":"","ocean_menu_typo_font_size":0,"ocean_menu_typo_font_size_tablet":0,"ocean_menu_typo_font_size_mobile":0,"ocean_menu_typo_font_size_unit":"px","ocean_menu_typo_font_weight":"","ocean_menu_typo_font_weight_tablet":"","ocean_menu_typo_font_weight_mobile":"","ocean_menu_typo_transform":"","ocean_menu_typo_transform_tablet":"","ocean_menu_typo_transform_mobile":"","ocean_menu_typo_line_height":0,"ocean_menu_typo_line_height_tablet":0,"ocean_menu_typo_line_height_mobile":0,"ocean_menu_typo_line_height_unit":"","ocean_menu_typo_spacing":0,"ocean_menu_typo_spacing_tablet":0,"ocean_menu_typo_spacing_mobile":0,"ocean_menu_typo_spacing_unit":"","ocean_menu_link_color":"","ocean_menu_link_color_hover":"","ocean_menu_link_color_active":"","ocean_menu_link_background":"","ocean_menu_link_hover_background":"","ocean_menu_link_active_background":"","ocean_menu_social_links_bg":"","ocean_menu_social_hover_links_bg":"","ocean_menu_social_links_color":"","ocean_menu_social_hover_links_color":"","ocean_disable_title":"default","ocean_disable_heading":"default","ocean_post_title":"","ocean_post_subheading":"","ocean_post_title_style":"","ocean_post_title_background_color":"","ocean_post_title_background":0,"ocean_post_title_bg_image_position":"","ocean_post_title_bg_image_attachment":"","ocean_post_title_bg_image_repeat":"","ocean_post_title_bg_image_size":"","ocean_post_title_height":0,"ocean_post_title_bg_overlay":0.5,"ocean_post_title_bg_overlay_color":"","ocean_disable_breadcrumbs":"default","ocean_breadcrumbs_color":"","ocean_breadcrumbs_separator_color":"","ocean_breadcrumbs_links_color":"","ocean_breadcrumbs_links_hover_color":"","ocean_display_footer_widgets":"default","ocean_display_footer_bottom":"default","ocean_custom_footer_template":"0","footnotes":""},"class_list":["post-27","page","type-page","status-publish","hentry","entry"],"_links":{"self":[{"href":"https:\/\/ppe.sciencespo-lille.eu\/index.php\/wp-json\/wp\/v2\/pages\/27","targetHints":{"allow":["GET"]}}],"collection":[{"href":"https:\/\/ppe.sciencespo-lille.eu\/index.php\/wp-json\/wp\/v2\/pages"}],"about":[{"href":"https:\/\/ppe.sciencespo-lille.eu\/index.php\/wp-json\/wp\/v2\/types\/page"}],"author":[{"embeddable":true,"href":"https:\/\/ppe.sciencespo-lille.eu\/index.php\/wp-json\/wp\/v2\/users\/1"}],"replies":[{"embeddable":true,"href":"https:\/\/ppe.sciencespo-lille.eu\/index.php\/wp-json\/wp\/v2\/comments?post=27"}],"version-history":[{"count":9,"href":"https:\/\/ppe.sciencespo-lille.eu\/index.php\/wp-json\/wp\/v2\/pages\/27\/revisions"}],"predecessor-version":[{"id":375,"href":"https:\/\/ppe.sciencespo-lille.eu\/index.php\/wp-json\/wp\/v2\/pages\/27\/revisions\/375"}],"wp:attachment":[{"href":"https:\/\/ppe.sciencespo-lille.eu\/index.php\/wp-json\/wp\/v2\/media?parent=27"}],"curies":[{"name":"wp","href":"https:\/\/api.w.org\/{rel}","templated":true}]}}