{"id":24,"date":"2020-12-07T22:50:43","date_gmt":"2020-12-07T21:50:43","guid":{"rendered":"http:\/\/ppe.sciencespo-lille.eu\/?page_id=24"},"modified":"2022-03-16T12:09:25","modified_gmt":"2022-03-16T11:09:25","slug":"les-stages-et-linsertion-professionnelle","status":"publish","type":"page","link":"https:\/\/ppe.sciencespo-lille.eu\/index.php\/les-stages-et-linsertion-professionnelle\/","title":{"rendered":"Le m\u00e9moire de recherche et l&rsquo;insertion professionnelle (M2)"},"content":{"rendered":"\n<p>La majeure PPE \u00e9tant une formation par la recherche, le <strong>m\u00e9moire de recherche<\/strong> y occupe une place centrale, contribuant pour <strong>un quart des ECTS.<\/strong> Le projet de m\u00e9moire de recherche doit \u00eatre men\u00e9 tout au long des 4 semestres et donne lieu \u00e0 soutenance au S4. Le dernier semestre \u00e9tant lib\u00e9r\u00e9 des cours et s\u00e9minaires pour permettre aux \u00e9tudiantes et aux \u00e9tudiants de pleinement se consacrer au travail d\u2019\u00e9criture et \u00e0 la pr\u00e9paration de la soutenance.<br><\/p>\n\n\n\n<p>La <strong>soutenance<\/strong> se fait devant un jury constitu\u00e9 de trois enseignantes et enseignants chercheurs, dont un ext\u00e9rieur \u00e0 Sciences Po Lille.<br><\/p>\n\n\n\n<p>Le <strong>m\u00e9moire de recherche<\/strong> constitue donc le passeport pour int\u00e9grer des formations doctorales, comme pour s\u2019ins\u00e9rer professionnellement dans divers organismes de recherche et d\u2019\u00e9criture, priv\u00e9s, publics ou associatifs.<\/p>\n\n\n\n<h5 class=\"wp-block-heading\"><strong>Historiques des m\u00e9moires soutenus :<\/strong>&nbsp;<\/h5>\n\n\n\n<ul class=\"wp-block-list\"><li>BECQUART Laur\u00e8ne, <em>Les images et st\u00e9r\u00e9otypes v\u00e9hicul\u00e9s par la presse fran\u00e7aise sur les soldats coloniaux pendant la Premi\u00e8re Guerre Mondiale<\/em><\/li><li>BROUARD Henri, <em>Int\u00e9grer une communaut\u00e9 religieuse ethnique \u00e0 l&rsquo;\u00e9tranger. L&rsquo;exemple de l&rsquo;\u00e9glise \u00e9vang\u00e9lique chinoise de Lille<\/em><\/li><li>CHETRIT Sophie, <em>L&rsquo;id\u00e9e de la VI\u00e8me R\u00e9publique <\/em><\/li><li>CHODORGE Simon, <em>D\u00e9jouer le monde. La pens\u00e9e anarchiste aujourd&rsquo;hui<\/em><\/li><li>GEBHARD Yannick, <em>Les nouvelles rencontres amoureuses. Approche des man\u0153uvres de s\u00e9duction \u00e0 travers l&rsquo;application Tinder<\/em><\/li><li>LEFEBVRE Marie, <em>Le football comme objet de mobilisation politique. Le cas des supporters du Racing club de Lens<\/em><\/li><li>MOYSAN Erwan, <em>Autonomie et h\u00e9t\u00e9ronomie de la conscience de classe<\/em><\/li><li>PLUTA Fran\u00e7ois, <em>L&rsquo;identit\u00e9 nationale polonaise depuis 1989<\/em><\/li><li>POIGNANT L\u00e9opold, <em>Paul de R\u00e9gla, m\u00e9decin pamphl\u00e9taire<\/em><\/li><li>SALMI Lila, <em>Les femmes kabyles et l&rsquo;\u00e9mancipation tamazight en Alg\u00e9rie <\/em><\/li><\/ul>\n\n\n\n<div style=\"height:20px\" aria-hidden=\"true\" class=\"wp-block-spacer\"><\/div>\n\n\n\n<h5 class=\"wp-block-heading\"><strong>Liste des directeurs\/directrices de m\u00e9moire :<\/strong><\/h5>\n\n\n\n<ul class=\"wp-block-list\"><li>A.C. Habbard<\/li><li>A. Spire<\/li><li>A. Wald-Lasowski<\/li><li>B. Lengaigne<\/li><li>C. Clair<\/li><li>C. Passard<\/li><li>C. Pignol<\/li><li>D. Pouchain<\/li><li>E. Julien<\/li><li>E. Peyrat<\/li><li>I. Safa<\/li><li>J.Y. Pranch\u00e8re<\/li><li>L. Semal<\/li><li>M. Chottin<\/li><li>M. Hastings<\/li><li>M. Deleixhe<\/li><li>P. Canivez<\/li><li>P. Mardellat<\/li><li>Ph. Darriulat<\/li><li>Ph. Sabot<\/li><li>R. Lefebvre<\/li><li>S. Hayat <\/li><li>S. Zygart <\/li><li>V. Sierpe <\/li><\/ul>\n\n\n\n<h5 class=\"wp-block-heading\"><strong>Liste d\u2019anciens de PPE doctorants\/docteurs :<\/strong>&nbsp;<\/h5>\n\n\n\n<ul class=\"wp-block-list\"><li>BOUSSEAU Lucile, Universit\u00e9 PSL (Paris), Master Philosophie de la connaissance, histoire et philosophie des sciences <\/li><li>BOUCHE Salom\u00e9, Master 2 \u00e0 l&rsquo;Universit\u00e9 libre de Bruxelles <\/li><li>CHICKH Kenza, Master Philo ULB <\/li><li>DERRICHE Valentin, AGREG <\/li><li>FEINTE Lo\u00efc, ENS Lyon <\/li><\/ul>\n\n\n\n<h5 class=\"wp-block-heading\"><strong>Situation professionnelle des anciens PPE :<\/strong><\/h5>\n\n\n\n<ul class=\"wp-block-list\"><li>BECQUART Laur\u00e8ne, Iconographe (photo editor) au photo desk de New Delhi pour l&rsquo;Agence France-Presse <\/li><li>BROUARD Henri, Poste de chercheur UX dans une entreprise de jeux vid\u00e9o du nom de Netease \u00e0 Shangai<\/li><li>COUVREUR Agathe, Enseignante \u00e0 Segr\u00e9, dans l&rsquo;Acad\u00e9mie de Nantes. Pr\u00e9pare le concours CAPES et AGREG <\/li><li>DOBLER Camille, Deuxi\u00e8me ann\u00e9e de th\u00e8se \u00e0 Sciences Po Paris, chercheuse doctorante invit\u00e9e au CEE aupr\u00e8s de Florence Haegel. L&rsquo;Universit\u00e9 de rattachement est l&rsquo;Universit\u00e9 de Jagellonne de Cracovie en Pologne <\/li><li>HAYDOCK Laura, Pr\u00e9paration de l&rsquo;agr\u00e9gation d&rsquo;anglais \u00e0 la Sorbonne <\/li><li>LEDENT Aur\u00e9lien, Professeur de SES <\/li><li>MEGRET F\u00e9lix, Doctorant contractuel \u00e0 l&rsquo;Universit\u00e9 Paris Nanterre : th\u00e8se en cours en philosophie sociale et politique <\/li><li>MIRABEL Thibault, Master \u00e0 l&rsquo;EHESS et l&rsquo;Universit\u00e9 de Nanterre. Contrat doctoral au Laboratoire Economix de Nanterre, th\u00e8se en cours. <\/li><\/ul>\n\n\n\n<p>Davantage d&rsquo;informations sont disponibles sur le <a href=\"https:\/\/alumni.sciencespo-lille.eu\/\" target=\"_blank\" rel=\"noreferrer noopener\">site alumni de Sciences Po Lille<\/a>, onglet carri\u00e8res, puis membres, puis indiquer le filtre \u00ab\u00a0PPE\u00a0\u00bb. <\/p>\n\n\n\n<p>Cependant, il faut \u00eatre \u00e9tudiante ou \u00e9tudiant de Sciences Po Lille pour pouvoir se connecter au site alumni. <\/p>\n","protected":false},"excerpt":{"rendered":"<p>La majeure PPE \u00e9tant une formation par la recherche, le m\u00e9moire de recherche y occupe une place centrale, contribuant pour un quart des ECTS. Le projet de m\u00e9moire de recherche doit \u00eatre men\u00e9 tout au long des 4 semestres et donne lieu \u00e0 soutenance au S4. Le dernier semestre \u00e9tant lib\u00e9r\u00e9 des cours et s\u00e9minaires [&hellip;]<\/p>\n","protected":false},"author":1,"featured_media":0,"parent":0,"menu_order":0,"comment_status":"closed","ping_status":"closed","template":"","meta":{"_seopress_robots_primary_cat":"","_seopress_titles_title":"","_seopress_titles_desc":"","_seopress_robots_index":"","ocean_post_layout":"","ocean_both_sidebars_style":"","ocean_both_sidebars_content_width":0,"ocean_both_sidebars_sidebars_width":0,"ocean_sidebar":"0","ocean_second_sidebar":"0","ocean_disable_margins":"enable","ocean_add_body_class":"","ocean_shortcode_before_top_bar":"","ocean_shortcode_after_top_bar":"","ocean_shortcode_before_header":"","ocean_shortcode_after_header":"","ocean_has_shortcode":"","ocean_shortcode_after_title":"","ocean_shortcode_before_footer_widgets":"","ocean_shortcode_after_footer_widgets":"","ocean_shortcode_before_footer_bottom":"","ocean_shortcode_after_footer_bottom":"","ocean_display_top_bar":"default","ocean_display_header":"default","ocean_header_style":"","ocean_center_header_left_menu":"0","ocean_custom_header_template":"0","ocean_custom_logo":0,"ocean_custom_retina_logo":0,"ocean_custom_logo_max_width":0,"ocean_custom_logo_tablet_max_width":0,"ocean_custom_logo_mobile_max_width":0,"ocean_custom_logo_max_height":0,"ocean_custom_logo_tablet_max_height":0,"ocean_custom_logo_mobile_max_height":0,"ocean_header_custom_menu":"0","ocean_menu_typo_font_family":"0","ocean_menu_typo_font_subset":"","ocean_menu_typo_font_size":0,"ocean_menu_typo_font_size_tablet":0,"ocean_menu_typo_font_size_mobile":0,"ocean_menu_typo_font_size_unit":"px","ocean_menu_typo_font_weight":"","ocean_menu_typo_font_weight_tablet":"","ocean_menu_typo_font_weight_mobile":"","ocean_menu_typo_transform":"","ocean_menu_typo_transform_tablet":"","ocean_menu_typo_transform_mobile":"","ocean_menu_typo_line_height":0,"ocean_menu_typo_line_height_tablet":0,"ocean_menu_typo_line_height_mobile":0,"ocean_menu_typo_line_height_unit":"","ocean_menu_typo_spacing":0,"ocean_menu_typo_spacing_tablet":0,"ocean_menu_typo_spacing_mobile":0,"ocean_menu_typo_spacing_unit":"","ocean_menu_link_color":"","ocean_menu_link_color_hover":"","ocean_menu_link_color_active":"","ocean_menu_link_background":"","ocean_menu_link_hover_background":"","ocean_menu_link_active_background":"","ocean_menu_social_links_bg":"","ocean_menu_social_hover_links_bg":"","ocean_menu_social_links_color":"","ocean_menu_social_hover_links_color":"","ocean_disable_title":"default","ocean_disable_heading":"default","ocean_post_title":"","ocean_post_subheading":"","ocean_post_title_style":"","ocean_post_title_background_color":"","ocean_post_title_background":0,"ocean_post_title_bg_image_position":"","ocean_post_title_bg_image_attachment":"","ocean_post_title_bg_image_repeat":"","ocean_post_title_bg_image_size":"","ocean_post_title_height":0,"ocean_post_title_bg_overlay":0.5,"ocean_post_title_bg_overlay_color":"","ocean_disable_breadcrumbs":"default","ocean_breadcrumbs_color":"","ocean_breadcrumbs_separator_color":"","ocean_breadcrumbs_links_color":"","ocean_breadcrumbs_links_hover_color":"","ocean_display_footer_widgets":"default","ocean_display_footer_bottom":"default","ocean_custom_footer_template":"0","footnotes":""},"class_list":["post-24","page","type-page","status-publish","hentry","entry"],"_links":{"self":[{"href":"https:\/\/ppe.sciencespo-lille.eu\/index.php\/wp-json\/wp\/v2\/pages\/24","targetHints":{"allow":["GET"]}}],"collection":[{"href":"https:\/\/ppe.sciencespo-lille.eu\/index.php\/wp-json\/wp\/v2\/pages"}],"about":[{"href":"https:\/\/ppe.sciencespo-lille.eu\/index.php\/wp-json\/wp\/v2\/types\/page"}],"author":[{"embeddable":true,"href":"https:\/\/ppe.sciencespo-lille.eu\/index.php\/wp-json\/wp\/v2\/users\/1"}],"replies":[{"embeddable":true,"href":"https:\/\/ppe.sciencespo-lille.eu\/index.php\/wp-json\/wp\/v2\/comments?post=24"}],"version-history":[{"count":14,"href":"https:\/\/ppe.sciencespo-lille.eu\/index.php\/wp-json\/wp\/v2\/pages\/24\/revisions"}],"predecessor-version":[{"id":388,"href":"https:\/\/ppe.sciencespo-lille.eu\/index.php\/wp-json\/wp\/v2\/pages\/24\/revisions\/388"}],"wp:attachment":[{"href":"https:\/\/ppe.sciencespo-lille.eu\/index.php\/wp-json\/wp\/v2\/media?parent=24"}],"curies":[{"name":"wp","href":"https:\/\/api.w.org\/{rel}","templated":true}]}}