{"id":23,"date":"2020-12-07T22:50:43","date_gmt":"2020-12-07T21:50:43","guid":{"rendered":"http:\/\/ppe.sciencespo-lille.eu\/?page_id=23"},"modified":"2022-03-16T12:06:54","modified_gmt":"2022-03-16T11:06:54","slug":"le-grand-oral","status":"publish","type":"page","link":"https:\/\/ppe.sciencespo-lille.eu\/index.php\/le-grand-oral\/","title":{"rendered":"Le Grand Oral (M1)"},"content":{"rendered":"\n<p>Le Grand Oral (GO) est un<strong> examen de fin de cycle<\/strong>&nbsp;ayant lieu au Semestre 2 (4<sup>\u00e8me<\/sup>&nbsp;ann\u00e9e).<\/p>\n\n\n\n<p>Le Grand Oral a pour objectif d\u2019\u00e9valuer un certain nombre de comp\u00e9tences et connaissances acquises tout au long de votre scolarit\u00e9 \u00e0 Sciences Po Lille. Cette \u00e9preuve \u00e9value votre capacit\u00e9 \u00e0 pr\u00e9senter une&nbsp;<strong>analyse probl\u00e9matis\u00e9e et argument\u00e9e<\/strong>&nbsp;(fond et forme) sur un sujet correspondant \u00e0 vos domaines de comp\u00e9tences et de formation.<\/p>\n\n\n\n<hr class=\"wp-block-separator has-text-color has-background is-style-wide\" style=\"background-color:#eef0f1;color:#eef0f1\"\/>\n\n\n\n<div style=\"height:20px\" aria-hidden=\"true\" class=\"wp-block-spacer\"><\/div>\n\n\n\n<h2 class=\"wp-block-heading\">Pr\u00e9sentation et d\u00e9roulement du Grand Oral<\/h2>\n\n\n\n<p>L\u2019\u00e9preuve du GO se d\u00e9roule en deux temps : un&nbsp;<strong>expos\u00e9 probl\u00e9matis\u00e9<\/strong>&nbsp;(10 minutes) suivi d\u2019une phase de&nbsp;<strong>questions du jury<\/strong>&nbsp;(20 minutes).<\/p>\n\n\n\n<ol class=\"wp-block-list\"><li>Les \u00e9tudiantes et les \u00e9tudiants pr\u00e9sentent un\u00a0<strong>expos\u00e9 de 10 minutes sur un sujet choisi apr\u00e8s tirage au sort<\/strong>\u00a0pr\u00e9alable parmi deux sujets (expos\u00e9 pr\u00e9par\u00e9 pendant une dur\u00e9e d\u2019une heure juste avant leur passage).\u00a0<em>NB : si vous d\u00e9passez le temps imparti, vous serez interrompu au bout de 10 minutes et le jury vous demandera de conclure en 30 secondes<\/em>.<\/li><li>Les \u00e9tudiantes et les \u00e9tudiants r\u00e9pondent ensuite pendant\u00a0<strong>20 minutes aux questions du jury<\/strong>. Les questions pos\u00e9es portent sur l\u2019expos\u00e9 du candidat ou de la candidate, mais peuvent \u00e9galement \u00eatre \u00e9largies \u00e0 diverses th\u00e9matiques abord\u00e9es au cours de la formation en PPE et \u00e0 des points d\u2019actualit\u00e9. <\/li><\/ol>\n\n\n\n<p>Les jurys sont compos\u00e9s de deux membres issus du corps enseignant de la majeure.<\/p>\n\n\n\n<hr class=\"wp-block-separator has-text-color has-background is-style-wide\" style=\"background-color:#eef0f1;color:#eef0f1\"\/>\n\n\n\n<div style=\"height:20px\" aria-hidden=\"true\" class=\"wp-block-spacer\"><\/div>\n\n\n\n<h2 class=\"wp-block-heading\">Pr\u00e9parer le Grand Oral pendant votre parcours \u00e0 Sciences Po Lille<\/h2>\n\n\n\n<p>La capacit\u00e9 d\u2019argumentation \u00e0 l\u2019oral est une comp\u00e9tence d\u00e9velopp\u00e9e et acquise tout au long de votre cursus \u00e0 Sciences Po Lille, aussi bien \u00e0 travers la pr\u00e9sentation d\u2019expos\u00e9s (pour la forme), des lectures r\u00e9guli\u00e8res et un suivi approfondi de l\u2019actualit\u00e9 (pour le fond).<\/p>\n\n\n\n<p>Voici quelques conseils pour vous pr\u00e9parer au mieux au GO :<\/p>\n\n\n\n<ul class=\"wp-block-list\"><li>Entra\u00eenez-vous \u00e0 formuler par \u00e9crit des probl\u00e9matiques sur des sujets d\u2019expos\u00e9s, y compris sur les sujets que vous ne pr\u00e9sentez pas \u00e0 l\u2019oral. \u00c9laborer une probl\u00e9matique suppose de r\u00e9fl\u00e9chir au sujet, s\u2019informer et identifier les enjeux.<\/li><li>Suivez l\u2019actualit\u00e9 fran\u00e7aise, europ\u00e9enne et internationale de mani\u00e8re attentive et r\u00e9guli\u00e8re. N\u2019h\u00e9sitez pas \u00e0 la mettre en perspective avec des notions d\u00e9velopp\u00e9es pendant votre formation pour proposer une analyse d\u00e9passant les \u00e9l\u00e9ments purement factuels.<\/li><li>Demandez \u00e0 vos enseignantes et enseignants de conf\u00e9rences de m\u00e9thode et de s\u00e9minaires des r\u00e9f\u00e9rences (auteurs, ouvrages\u2026) pour alimenter vos r\u00e9flexions.<\/li><\/ul>\n\n\n\n<hr class=\"wp-block-separator has-text-color has-background is-style-wide\" style=\"background-color:#eef0f1;color:#eef0f1\"\/>\n\n\n\n<div style=\"height:20px\" aria-hidden=\"true\" class=\"wp-block-spacer\"><\/div>\n\n\n\n<h2 class=\"wp-block-heading\">La notation du Grand Oral<\/h2>\n\n\n\n<p>Les \u00e9tudiantes et les \u00e9tudiants sont principalement \u00e9valu\u00e9s sur les \u00e9l\u00e9ments suivants :<\/p>\n\n\n\n<ul class=\"wp-block-list\"><li>la&nbsp;<strong>clart\u00e9 d\u2019exposition<\/strong>&nbsp;et l\u2019aisance \u00e0 l\u2019oral<\/li><li>la&nbsp;<strong>gestion du temps<\/strong>&nbsp;(10 minutes d\u2019expos\u00e9)<\/li><li>la construction d\u00e9monstrative, organis\u00e9e et logique du propos<\/li><li>la capacit\u00e9 \u00e0 donner du sens au sujet, \u00e9largir le propos et \u00e9tayer une r\u00e9flexion g\u00e9n\u00e9rale par des informations pr\u00e9cises<\/li><li>la ma\u00eetrise des connaissances dont l\u2019acquisition est attendue au cours de la formation au sein de Sciences Po Lille, dans l\u2019ensemble des disciplines fondamentales (histoire, \u00e9conomie, droit, science politique, etc.)<\/li><li>la connaissance de l\u2019actualit\u00e9 fran\u00e7aise, europ\u00e9enne et internationale r\u00e9cente et la capacit\u00e9 de r\u00e9flexion autour des enjeux soulev\u00e9s<\/li><\/ul>\n","protected":false},"excerpt":{"rendered":"<p>Le Grand Oral (GO) est un examen de fin de cycle&nbsp;ayant lieu au Semestre 2 (4\u00e8me&nbsp;ann\u00e9e). Le Grand Oral a pour objectif d\u2019\u00e9valuer un certain nombre de comp\u00e9tences et connaissances acquises tout au long de votre scolarit\u00e9 \u00e0 Sciences Po Lille. Cette \u00e9preuve \u00e9value votre capacit\u00e9 \u00e0 pr\u00e9senter une&nbsp;analyse probl\u00e9matis\u00e9e et argument\u00e9e&nbsp;(fond et forme) sur [&hellip;]<\/p>\n","protected":false},"author":1,"featured_media":0,"parent":0,"menu_order":0,"comment_status":"closed","ping_status":"closed","template":"","meta":{"_seopress_robots_primary_cat":"","_seopress_titles_title":"","_seopress_titles_desc":"","_seopress_robots_index":"","ocean_post_layout":"","ocean_both_sidebars_style":"","ocean_both_sidebars_content_width":0,"ocean_both_sidebars_sidebars_width":0,"ocean_sidebar":"0","ocean_second_sidebar":"0","ocean_disable_margins":"enable","ocean_add_body_class":"","ocean_shortcode_before_top_bar":"","ocean_shortcode_after_top_bar":"","ocean_shortcode_before_header":"","ocean_shortcode_after_header":"","ocean_has_shortcode":"","ocean_shortcode_after_title":"","ocean_shortcode_before_footer_widgets":"","ocean_shortcode_after_footer_widgets":"","ocean_shortcode_before_footer_bottom":"","ocean_shortcode_after_footer_bottom":"","ocean_display_top_bar":"default","ocean_display_header":"default","ocean_header_style":"","ocean_center_header_left_menu":"0","ocean_custom_header_template":"0","ocean_custom_logo":0,"ocean_custom_retina_logo":0,"ocean_custom_logo_max_width":0,"ocean_custom_logo_tablet_max_width":0,"ocean_custom_logo_mobile_max_width":0,"ocean_custom_logo_max_height":0,"ocean_custom_logo_tablet_max_height":0,"ocean_custom_logo_mobile_max_height":0,"ocean_header_custom_menu":"0","ocean_menu_typo_font_family":"0","ocean_menu_typo_font_subset":"","ocean_menu_typo_font_size":0,"ocean_menu_typo_font_size_tablet":0,"ocean_menu_typo_font_size_mobile":0,"ocean_menu_typo_font_size_unit":"px","ocean_menu_typo_font_weight":"","ocean_menu_typo_font_weight_tablet":"","ocean_menu_typo_font_weight_mobile":"","ocean_menu_typo_transform":"","ocean_menu_typo_transform_tablet":"","ocean_menu_typo_transform_mobile":"","ocean_menu_typo_line_height":0,"ocean_menu_typo_line_height_tablet":0,"ocean_menu_typo_line_height_mobile":0,"ocean_menu_typo_line_height_unit":"","ocean_menu_typo_spacing":0,"ocean_menu_typo_spacing_tablet":0,"ocean_menu_typo_spacing_mobile":0,"ocean_menu_typo_spacing_unit":"","ocean_menu_link_color":"","ocean_menu_link_color_hover":"","ocean_menu_link_color_active":"","ocean_menu_link_background":"","ocean_menu_link_hover_background":"","ocean_menu_link_active_background":"","ocean_menu_social_links_bg":"","ocean_menu_social_hover_links_bg":"","ocean_menu_social_links_color":"","ocean_menu_social_hover_links_color":"","ocean_disable_title":"default","ocean_disable_heading":"default","ocean_post_title":"","ocean_post_subheading":"","ocean_post_title_style":"","ocean_post_title_background_color":"","ocean_post_title_background":0,"ocean_post_title_bg_image_position":"","ocean_post_title_bg_image_attachment":"","ocean_post_title_bg_image_repeat":"","ocean_post_title_bg_image_size":"","ocean_post_title_height":0,"ocean_post_title_bg_overlay":0.5,"ocean_post_title_bg_overlay_color":"","ocean_disable_breadcrumbs":"default","ocean_breadcrumbs_color":"","ocean_breadcrumbs_separator_color":"","ocean_breadcrumbs_links_color":"","ocean_breadcrumbs_links_hover_color":"","ocean_display_footer_widgets":"default","ocean_display_footer_bottom":"default","ocean_custom_footer_template":"0","footnotes":""},"class_list":["post-23","page","type-page","status-publish","hentry","entry"],"_links":{"self":[{"href":"https:\/\/ppe.sciencespo-lille.eu\/index.php\/wp-json\/wp\/v2\/pages\/23","targetHints":{"allow":["GET"]}}],"collection":[{"href":"https:\/\/ppe.sciencespo-lille.eu\/index.php\/wp-json\/wp\/v2\/pages"}],"about":[{"href":"https:\/\/ppe.sciencespo-lille.eu\/index.php\/wp-json\/wp\/v2\/types\/page"}],"author":[{"embeddable":true,"href":"https:\/\/ppe.sciencespo-lille.eu\/index.php\/wp-json\/wp\/v2\/users\/1"}],"replies":[{"embeddable":true,"href":"https:\/\/ppe.sciencespo-lille.eu\/index.php\/wp-json\/wp\/v2\/comments?post=23"}],"version-history":[{"count":7,"href":"https:\/\/ppe.sciencespo-lille.eu\/index.php\/wp-json\/wp\/v2\/pages\/23\/revisions"}],"predecessor-version":[{"id":387,"href":"https:\/\/ppe.sciencespo-lille.eu\/index.php\/wp-json\/wp\/v2\/pages\/23\/revisions\/387"}],"wp:attachment":[{"href":"https:\/\/ppe.sciencespo-lille.eu\/index.php\/wp-json\/wp\/v2\/media?parent=23"}],"curies":[{"name":"wp","href":"https:\/\/api.w.org\/{rel}","templated":true}]}}