{"id":11,"date":"2020-12-07T22:50:43","date_gmt":"2020-12-07T21:50:43","guid":{"rendered":"http:\/\/ppe.sciencespo-lille.eu\/?page_id=11"},"modified":"2022-10-26T18:25:49","modified_gmt":"2022-10-26T16:25:49","slug":"presentation","status":"publish","type":"page","link":"https:\/\/ppe.sciencespo-lille.eu\/","title":{"rendered":"Pr\u00e9sentation de la majeure Philosophie, Politique, \u00c9conomie"},"content":{"rendered":"\n<p>Bienvenue sur le site de la majeure<strong> Philosophie, Politique, \u00c9conomie (PPE)<\/strong>&nbsp;de Sciences Po Lille.<\/p>\n\n\n\n<h2 class=\"wp-block-heading\" id=\"objectif-de-la-formation\">Objectif de la formation<\/h2>\n\n\n\n<p>La majeure PPE s\u2019inscrit dans la tradition de ces formations inaugur\u00e9es dans le monde anglo-saxon \u00e0 Oxford et aujourd\u2019hui pr\u00e9sentes dans la plupart des grandes universit\u00e9s dans le monde.<\/p>\n\n\n\n<p>Il s\u2019agit d\u2019\u00e9tudes pluridisciplinaires \u00e0 la crois\u00e9e de trois disciplines majeures que sont <strong>la philosophie, la pens\u00e9e politique et la pens\u00e9e \u00e9conomique<\/strong>.<\/p>\n\n\n\n<p>Elles fournissent un cadre analytique d\u2019\u00e9tude des grandes th\u00e9matiques qui structurent les d\u00e9bats autour de la modernit\u00e9 :<\/p>\n\n\n\n<ul class=\"wp-block-list\"><li><mark style=\"background-color:rgba(0, 0, 0, 0)\" class=\"has-inline-color has-black-color\">Les<\/mark><mark style=\"background-color:rgba(0, 0, 0, 0);color:#cdb380\" class=\"has-inline-color\"> <\/mark><mark style=\"background-color:rgba(0, 0, 0, 0)\" class=\"has-inline-color has-black-color\"><strong>relations entre l\u2019\u00e9conomie et la politique<\/strong><\/mark> (structure des \u00e9conomies et structure du pouvoir, individualisme \u00e9conomique et gouvernementalit\u00e9, rationalit\u00e9 individuelle et choix collectifs, etc.)<\/li><li>La <mark style=\"background-color:rgba(0, 0, 0, 0)\" class=\"has-inline-color has-black-color\"><strong>question de l\u2019autonomie de la raison d\u00e9lib\u00e9rative<\/strong><\/mark><mark style=\"background-color:rgba(0, 0, 0, 0);color:#cdb380\" class=\"has-inline-color\"> <\/mark>dans les \u00e9conomies et soci\u00e9t\u00e9s ouvertes (quelles conceptions de la justice sociale ? Quelle l\u00e9gitimit\u00e9 des choix publics ? Les conflits entre normes et valeurs, le d\u00e9bat sur la primaut\u00e9 du bien ou du juste, l\u2019enjeu des croyances religieuses dans un \u00e2ge s\u00e9culier, etc.)<\/li><li>La question des <strong><mark style=\"background-color:rgba(0, 0, 0, 0)\" class=\"has-inline-color has-black-color\">effets de la globalisation sur nos soci\u00e9t\u00e9s<\/mark><\/strong>, \u00e9conomies et modes de gouvernementalit\u00e9 (quels en sont les effets sur les in\u00e9galit\u00e9s ? Sur les m\u00e9canismes de solidarit\u00e9s ?Sur l\u2019exercice de la souverainet\u00e9 ? etc.), pour n\u2019en nommer que quelques-uns.<\/li><\/ul>\n\n\n\n<p>La probl\u00e9matique f\u00e9d\u00e9rative de ces d\u00e9bats se structure autour de l\u2019interrogation sur la l\u00e9gitimit\u00e9 de la modernit\u00e9.<\/p>\n\n\n\n<p>La majeure PPE est une formation par la <strong>recherche<\/strong> en deux ans. Elle s&rsquo;articule autour de s\u00e9minaires de recherche, de travaux collectifs d&rsquo;initiation \u00e0 la recherche et d&rsquo;un m\u00e9moire de recherche en cinqui\u00e8me ann\u00e9e.<\/p>\n\n\n\n<hr class=\"wp-block-separator has-text-color has-background is-style-wide\" style=\"background-color:#eef0f1;color:#eef0f1\"\/>\n\n\n\n<h2 class=\"wp-block-heading\" id=\"principaux-debouches\">Principaux d\u00e9bouch\u00e9s<\/h2>\n\n\n\n<p>La majeure PPE forme les \u00e9tudiantes et les \u00e9tudiants aux :<\/p>\n\n\n\n<ul class=\"wp-block-list\"><li>M\u00e9tiers de l\u2019enseignement et de la recherche (philosophie, histoire, \u00e9conomie, sciences sociales et politiques)<\/li><li>M\u00e9tiers de l\u2019expertise et du conseil dans des organisations publiques, parapubliques, priv\u00e9es ou associatives : administrations, entreprises, partis politiques et syndicats, organisations internationales (BCE, Banque mondiale, OMC, etc.), ONG, \u00ab think-tanks \u00bb<\/li><li>M\u00e9tiers du journalisme, de l\u2019influence et de la vulgarisation scientifique et de la recherche<\/li><li>Affaires publiques, le conseil, le consulting, notamment en Responsabilit\u00e9 Sociale et Environnementale des Entreprises<\/li><li>M\u00e9tiers de l&rsquo;\u00e9criture : sc\u00e9nariste, charg\u00e9e, charg\u00e9 de relations publiques, biographe, auteur, auteure\u2026<\/li><\/ul>\n\n\n\n<hr class=\"wp-block-separator has-text-color has-background is-style-wide\" style=\"background-color:#eef0f1;color:#eef0f1\"\/>\n\n\n\n<h2 class=\"wp-block-heading\" id=\"responsable-de-la-majeure-ppe\">Responsable de la majeure PPE<br><\/h2>\n\n\n\n<div class=\"wp-block-media-text alignwide is-stacked-on-mobile\" style=\"grid-template-columns:31% auto\"><figure class=\"wp-block-media-text__media\"><img loading=\"lazy\" decoding=\"async\" width=\"300\" height=\"297\" src=\"http:\/\/ppe.sciencespo-lille.eu\/wp-content\/uploads\/2020\/12\/Mardellat-300x297.png\" alt=\"\" class=\"wp-image-128 size-full\" srcset=\"https:\/\/ppe.sciencespo-lille.eu\/wp-content\/uploads\/2020\/12\/Mardellat-300x297.png 300w, https:\/\/ppe.sciencespo-lille.eu\/wp-content\/uploads\/2020\/12\/Mardellat-150x150.png 150w, https:\/\/ppe.sciencespo-lille.eu\/wp-content\/uploads\/2020\/12\/Mardellat-768x761.png 768w, https:\/\/ppe.sciencespo-lille.eu\/wp-content\/uploads\/2020\/12\/Mardellat.png 945w\" sizes=\"auto, (max-width: 300px) 100vw, 300px\" \/><\/figure><div class=\"wp-block-media-text__content\">\n<p class=\"has-large-font-size\"><strong>Patrick Mardellat<\/strong><\/p>\n\n\n\n<p><strong>Professeur des universit\u00e9s en \u00e9conomie<\/strong><\/p>\n\n\n\n<p>Domaines de recherche: philosophie \u00e9conomique; histoire de la pens\u00e9e \u00e9conomique (pens\u00e9e allemande des 19<sup>e<\/sup> et 20<sup>e<\/sup> si\u00e8cles). <\/p>\n<\/div><\/div>\n\n\n\n<div style=\"height:20px\" aria-hidden=\"true\" class=\"wp-block-spacer\"><\/div>\n\n\n\n<h2 class=\"wp-block-heading\" id=\"edito-du-responsable-de-la-majeure\">\u00c9dito du responsable de la majeure<\/h2>\n\n\n\n<p class=\"has-drop-cap\">Dans un monde toujours plus complexe, interd\u00e9pendant et in\u00e9galitaire, menac\u00e9 par la catastrophe \u00e9cologique, le <span style=\"color:#cdb380\" class=\"has-inline-color\">besoin d\u2019id\u00e9es nouvelles<\/span> pour transformer ce monde est plus pressant que jamais. Sachant que des id\u00e9es nouvelles ne peuvent \u00e9merger sur l\u2019ignorance de celles qui ont contribu\u00e9 \u00e0 faire l\u2019histoire jusqu\u2019\u00e0 aujourd\u2019hui, le nouveau master \u00ab&nbsp;philosophie, politique et \u00e9conomie&nbsp;\u00bb propose un \u00e9clairage des principaux <span style=\"color:#cdb380\" class=\"has-inline-color\">enjeux contemporains<\/span> en croisant l\u2019analyse des discours normatifs (philosophie), des configurations de pouvoir (politique) et des proc\u00e9dures d\u2019allocation efficiente des ressources (\u00e9conomie). Derri\u00e8re la logique de la confrontation des int\u00e9r\u00eats priv\u00e9s qui ravage notre monde, c\u2019est la pr\u00e9sence, la pr\u00e9servation et la promotion du <strong>commun<\/strong> qu\u2019il s\u2019agit de stimuler. &nbsp;<\/p>\n\n\n\n<p><strong>Le projet intellectuel de PPE<\/strong> est de r\u00e9fl\u00e9chir \u00e0 la constitution d\u2019une \u00ab&nbsp;m\u00e9tanomique&nbsp;\u00bb, une vo\u00fbte philosophique commune ou une matrice conceptuelle pour penser les grands enjeux du monde contemporain et unir les probl\u00e9matiques des diff\u00e9rentes sciences sociales. Ce qui importe aujourd\u2019hui et dont nous avons besoin pour affronter les enjeux du moment, c\u2019est de liaisons, de couture et de suture entre des savoirs et des m\u00e9thodes de disciplines voisines qui s\u2019ignorent encore largement. Il s\u2019agit donc de relier, et de relire les grands textes de philosophie et des sciences sociales sous cette perspective de reliaison afin d\u2019entrer dans l\u2019\u00e2ge de la synth\u00e8se. Il s\u2019agit aussi de <span style=\"color:#cdb380\" class=\"has-inline-color\">faire place aux \u00ab&nbsp;pens\u00e9es d\u2019ailleurs&nbsp;\u00bb<\/span>, les pens\u00e9es chinoise, indienne, africaine, et autres, afin de d\u00e9cloisonner l\u2019universalisme europ\u00e9ocentr\u00e9.&nbsp;<\/p>\n\n\n\n<p><strong>Le projet p\u00e9dagogique de PPE<\/strong> est centr\u00e9 sur l\u2019autonomie intellectuelle et l\u2019\u00e9panouissement des \u00e9tudiantes et des \u00e9tudiants. Il s\u2019agit d\u2019une formation par la recherche qui met les \u00e9tudiantes et les \u00e9tudiants en situation autour de projets individuels et collectifs&nbsp;: r\u00e9daction d\u2019un m\u00e9moire, organisation de s\u00e9minaires et journ\u00e9es d\u2019\u00e9tudes, animation d\u2019une revue, participation \u00e0 une journ\u00e9e \u00ab&nbsp;\u00e9tudiants citoyens&nbsp;\u00bb, etc. Permettre \u00e0 chacune et chacun de trouver un sens \u00e0 ses \u00e9tudes et d&rsquo;allier son souci de comprendre avec son besoin d&rsquo;agir, telle est l&rsquo;ambition qui structure le Master PPE.<\/p>\n\n\n\n<p class=\"has-text-align-right\"><strong>Patrick Mardellat<\/strong><\/p>\n","protected":false},"excerpt":{"rendered":"<p>Bienvenue sur le site de la majeure Philosophie, Politique, \u00c9conomie (PPE)&nbsp;de Sciences Po Lille. Objectif de la formation La majeure PPE s\u2019inscrit dans la tradition de ces formations inaugur\u00e9es dans le monde anglo-saxon \u00e0 Oxford et aujourd\u2019hui pr\u00e9sentes dans la plupart des grandes universit\u00e9s dans le monde. Il s\u2019agit d\u2019\u00e9tudes pluridisciplinaires \u00e0 la crois\u00e9e de [&hellip;]<\/p>\n","protected":false},"author":1,"featured_media":0,"parent":0,"menu_order":0,"comment_status":"closed","ping_status":"closed","template":"","meta":{"_seopress_robots_primary_cat":"","_seopress_titles_title":"","_seopress_titles_desc":"","_seopress_robots_index":"","ocean_post_layout":"","ocean_both_sidebars_style":"","ocean_both_sidebars_content_width":0,"ocean_both_sidebars_sidebars_width":0,"ocean_sidebar":"0","ocean_second_sidebar":"0","ocean_disable_margins":"enable","ocean_add_body_class":"","ocean_shortcode_before_top_bar":"","ocean_shortcode_after_top_bar":"","ocean_shortcode_before_header":"","ocean_shortcode_after_header":"","ocean_has_shortcode":"","ocean_shortcode_after_title":"","ocean_shortcode_before_footer_widgets":"","ocean_shortcode_after_footer_widgets":"","ocean_shortcode_before_footer_bottom":"","ocean_shortcode_after_footer_bottom":"","ocean_display_top_bar":"default","ocean_display_header":"default","ocean_header_style":"","ocean_center_header_left_menu":"0","ocean_custom_header_template":"0","ocean_custom_logo":0,"ocean_custom_retina_logo":0,"ocean_custom_logo_max_width":0,"ocean_custom_logo_tablet_max_width":0,"ocean_custom_logo_mobile_max_width":0,"ocean_custom_logo_max_height":0,"ocean_custom_logo_tablet_max_height":0,"ocean_custom_logo_mobile_max_height":0,"ocean_header_custom_menu":"0","ocean_menu_typo_font_family":"0","ocean_menu_typo_font_subset":"","ocean_menu_typo_font_size":0,"ocean_menu_typo_font_size_tablet":0,"ocean_menu_typo_font_size_mobile":0,"ocean_menu_typo_font_size_unit":"px","ocean_menu_typo_font_weight":"","ocean_menu_typo_font_weight_tablet":"","ocean_menu_typo_font_weight_mobile":"","ocean_menu_typo_transform":"","ocean_menu_typo_transform_tablet":"","ocean_menu_typo_transform_mobile":"","ocean_menu_typo_line_height":0,"ocean_menu_typo_line_height_tablet":0,"ocean_menu_typo_line_height_mobile":0,"ocean_menu_typo_line_height_unit":"","ocean_menu_typo_spacing":0,"ocean_menu_typo_spacing_tablet":0,"ocean_menu_typo_spacing_mobile":0,"ocean_menu_typo_spacing_unit":"","ocean_menu_link_color":"","ocean_menu_link_color_hover":"","ocean_menu_link_color_active":"","ocean_menu_link_background":"","ocean_menu_link_hover_background":"","ocean_menu_link_active_background":"","ocean_menu_social_links_bg":"","ocean_menu_social_hover_links_bg":"","ocean_menu_social_links_color":"","ocean_menu_social_hover_links_color":"","ocean_disable_title":"default","ocean_disable_heading":"default","ocean_post_title":"","ocean_post_subheading":"","ocean_post_title_style":"","ocean_post_title_background_color":"","ocean_post_title_background":0,"ocean_post_title_bg_image_position":"","ocean_post_title_bg_image_attachment":"","ocean_post_title_bg_image_repeat":"","ocean_post_title_bg_image_size":"","ocean_post_title_height":0,"ocean_post_title_bg_overlay":0.5,"ocean_post_title_bg_overlay_color":"","ocean_disable_breadcrumbs":"default","ocean_breadcrumbs_color":"","ocean_breadcrumbs_separator_color":"","ocean_breadcrumbs_links_color":"","ocean_breadcrumbs_links_hover_color":"","ocean_display_footer_widgets":"default","ocean_display_footer_bottom":"default","ocean_custom_footer_template":"0","footnotes":""},"class_list":["post-11","page","type-page","status-publish","hentry","entry"],"_links":{"self":[{"href":"https:\/\/ppe.sciencespo-lille.eu\/index.php\/wp-json\/wp\/v2\/pages\/11","targetHints":{"allow":["GET"]}}],"collection":[{"href":"https:\/\/ppe.sciencespo-lille.eu\/index.php\/wp-json\/wp\/v2\/pages"}],"about":[{"href":"https:\/\/ppe.sciencespo-lille.eu\/index.php\/wp-json\/wp\/v2\/types\/page"}],"author":[{"embeddable":true,"href":"https:\/\/ppe.sciencespo-lille.eu\/index.php\/wp-json\/wp\/v2\/users\/1"}],"replies":[{"embeddable":true,"href":"https:\/\/ppe.sciencespo-lille.eu\/index.php\/wp-json\/wp\/v2\/comments?post=11"}],"version-history":[{"count":16,"href":"https:\/\/ppe.sciencespo-lille.eu\/index.php\/wp-json\/wp\/v2\/pages\/11\/revisions"}],"predecessor-version":[{"id":401,"href":"https:\/\/ppe.sciencespo-lille.eu\/index.php\/wp-json\/wp\/v2\/pages\/11\/revisions\/401"}],"wp:attachment":[{"href":"https:\/\/ppe.sciencespo-lille.eu\/index.php\/wp-json\/wp\/v2\/media?parent=11"}],"curies":[{"name":"wp","href":"https:\/\/api.w.org\/{rel}","templated":true}]}}